{"id":16,"date":"2020-04-08T12:17:19","date_gmt":"2020-04-08T10:17:19","guid":{"rendered":"https:\/\/noindex.kauscheundpartner.de\/lada\/?page_id=16"},"modified":"2022-10-18T15:53:57","modified_gmt":"2022-10-18T13:53:57","slug":"impressum","status":"publish","type":"page","link":"https:\/\/noindex.kauscheundpartner.de\/lada\/impressum\/","title":{"rendered":"Impressum"},"content":{"rendered":"\t\t<div data-elementor-type=\"wp-page\" data-elementor-id=\"16\" class=\"elementor elementor-16\">\n\t\t\t\t\t\t<div class=\"elementor-inner\">\n\t\t\t\t<div class=\"elementor-section-wrap\">\n\t\t\t\t\t\t\t\t\t<section class=\"elementor-section elementor-top-section elementor-element elementor-element-7b57954 elementor-section-boxed elementor-section-height-default elementor-section-height-default\" data-id=\"7b57954\" data-element_type=\"section\">\n\t\t\t\t\t\t<div class=\"elementor-container elementor-column-gap-default\">\n\t\t\t\t\t\t\t<div class=\"elementor-row\">\n\t\t\t\t\t<div class=\"elementor-column elementor-col-100 elementor-top-column elementor-element elementor-element-e3df137\" data-id=\"e3df137\" data-element_type=\"column\">\n\t\t\t<div class=\"elementor-column-wrap elementor-element-populated\">\n\t\t\t\t\t\t\t<div class=\"elementor-widget-wrap\">\n\t\t\t\t\t\t<div class=\"elementor-element elementor-element-96a27c0 elementor-widget elementor-widget-heading\" data-id=\"96a27c0\" data-element_type=\"widget\" data-widget_type=\"heading.default\">\n\t\t\t\t<div class=\"elementor-widget-container\">\n\t\t\t<h1 class=\"elementor-heading-title elementor-size-default\">IMPRESSUM<\/h1>\t\t<\/div>\n\t\t\t\t<\/div>\n\t\t\t\t\t\t<\/div>\n\t\t\t\t\t<\/div>\n\t\t<\/div>\n\t\t\t\t\t\t\t\t<\/div>\n\t\t\t\t\t<\/div>\n\t\t<\/section>\n\t\t\t\t<section class=\"elementor-section elementor-top-section elementor-element elementor-element-26606c7 elementor-section-boxed elementor-section-height-default elementor-section-height-default\" data-id=\"26606c7\" data-element_type=\"section\">\n\t\t\t\t\t\t<div class=\"elementor-container elementor-column-gap-default\">\n\t\t\t\t\t\t\t<div class=\"elementor-row\">\n\t\t\t\t\t<div class=\"elementor-column elementor-col-100 elementor-top-column elementor-element elementor-element-7d0fb9a2\" data-id=\"7d0fb9a2\" data-element_type=\"column\">\n\t\t\t<div class=\"elementor-column-wrap elementor-element-populated\">\n\t\t\t\t\t\t\t<div class=\"elementor-widget-wrap\">\n\t\t\t\t\t\t<div class=\"elementor-element elementor-element-6c842dd7 elementor-widget elementor-widget-text-editor\" data-id=\"6c842dd7\" data-element_type=\"widget\" data-widget_type=\"text-editor.default\">\n\t\t\t\t<div class=\"elementor-widget-container\">\n\t\t\t\t\t\t\t\t<div class=\"elementor-text-editor elementor-clearfix\">\n\t\t\t\t<p><strong style=\"background-color: var(--nv-site-bg); color: var(--nv-text-color); font-family: Graphik,-apple-system,BlinkMacSystemFont,Segoe UI,var(--nv-fallback-ff);\">LADA Automobile GmbH<\/strong><br><\/p>\n<p class=\"bodytext\"><strong>Sitz:<\/strong><br>Robert-Bosch-Stra\u00dfe 3<br>21629 Neu Wulmstorf<br>info(at)lada24.de<\/p>\n<p class=\"bodytext\">Gesch\u00e4ftsf\u00fchrer: Dieter Trzaska<br> Amtsgericht Tostedt HRB 4482<\/p>\n<p class=\"bodytext\"><strong>Verwaltung:<\/strong><br>Erlengrund 11<br>21614 Buxtehude<\/p>\n<p>Tel. +49 (0) 4161 6 00 70 0<br> Fax +49 (0) 4161 6 00 70 15<br> USt.ID-Nr. DE 200 486 890<\/p>\n<p><strong>Urheberrecht:<\/strong><br> Layout, Fotomaterial und Gestaltung des Inhalts insgesamt sowie seiner Elemente sind urheberrechtlich gesch\u00fctzt.<\/p>\n<p><strong>Haftungsausschluss:<\/strong><br><strong>1. Inhalt des Onlineangebotes<\/strong><br> Der Autor \u00fcbernimmt keinerlei Gew\u00e4hr f\u00fcr die Aktualit\u00e4t, Korrektheit, Vollst\u00e4ndigkeit oder Qualit\u00e4t der bereitgestellten Informationen. Haftungsanspr\u00fcche gegen den Autor, welche sich auf Sch\u00e4den materieller oder ideeller Art beziehen, die durch die Nutzung oder Nichtnutzung der dargebotenen Informationen bzw. durch die Nutzung fehlerhafter und unvollst\u00e4ndiger Informationen verursacht wurden sind grunds\u00e4tzlich ausgeschlossen, sofern seitens des Autors kein nachweislich vors\u00e4tzliches oder grob fahrl\u00e4ssiges Verschulden vorliegt. Alle Angebote sind freibleibend und unverbindlich. Der Autor beh\u00e4lt es sich ausdr\u00fccklich vor, Teile der Seiten oder das gesamte Angebot ohne gesonderte Ank\u00fcndigung zu ver\u00e4ndern, zu erg\u00e4nzen, zu l\u00f6schen oder die Ver\u00f6ffentlichung zeitweise oder endg\u00fcltig einzustellen.<\/p>\n<p><strong>2. Verweise und Links<\/strong><br> Sofern auf Verweisziele (&#8222;Links&#8220;) direkt oder indirekt verwiesen wird, die au\u00dferhalb des Verantwortungsbereiches des Autors liegen, haftet dieser nur dann, wenn er von den Inhalten Kenntnis hat und es ihm technisch m\u00f6glich und zumutbar w\u00e4re, die Nutzung im Falle rechtswidriger Inhalte zu verhindern. F\u00fcr dar\u00fcber hinausgehende Inhalte und insbesondere f\u00fcr Sch\u00e4den, die aus der Nutzung oder Nichtnutzung solcherart dargebotener Informationen entstehen, haftet allein der Anbieter dieser Seiten, nicht derjenige, der \u00fcber Links auf die jeweilige Ver\u00f6ffentlichung lediglich verweist. Diese Einschr\u00e4nkung gilt gleicherma\u00dfen auch f\u00fcr Fremdeintr\u00e4ge in vom Autor eingerichteten G\u00e4steb\u00fcchern, Diskussionsforen und Mailinglisten.<\/p>\n<p><strong>3. Urheber- und Kennzeichenrecht<\/strong><br> Der Autor ist bestrebt, in allen Publikationen die Urheberrechte der verwendeten Grafiken, Sounds und Texte zu beachten, von ihm selbst erstellte Grafiken, Sounds und Texte zu nutzen oder auf lizenzfreie Grafiken, Sounds und Texte zur\u00fcckzugreifen. Gesch\u00fctzte Warenzeichen und Namen, Grafiken, Sounds und Texte wurden in der Regel nicht als solche kenntlich gemacht. Das Fehlen einer solchen Kennzeichnung bedeutet nicht, dass es sich um einen freien Namen, ein freies Bild, einen freien Sound oder einen freien Text im Sinne des Waren- und Markenzeichenrechts handelt. Im Falle einer unbeabsichtigten Copyrightverletzung wird der Autor das entsprechende Objekt nach Benachrichtigung aus seiner Publikation entfernen bzw. mit dem entsprechenden Copyright kenntlich machen.<\/p>\n<p><strong>4. Datenschutz<\/strong><br> Sofern innerhalb des Internetangebotes die M\u00f6glichkeit zur Eingabe pers\u00f6nlicher oder gesch\u00e4ftlicher Daten (Emailadressen, Namen, Anschriften) besteht, so erfolgt die Preisgabe dieser Daten seitens des Nutzers auf ausdr\u00fccklich freiwilliger Basis. Die Inanspruchnahme und Bezahlung aller angebotenen Dienste ist &#8211; soweit technisch m\u00f6glich und zumutbar &#8211; auch ohne Angabe solcher Daten bzw. unter Angabe anonymisierter Daten oder eines Pseudonyms gestattet.<\/p>\n<p> Diese Website benutzt Google Analytics, einen Webanalysedienst der Google Inc. (\u201eGoogle\u201c) Google Analytics verwendet sog. \u201eCookies\u201c, Textdateien, die auf Ihrem Computer gespeichert werden und die eine Analyse der Benutzung der Website durch Sie erm\u00f6glicht. Die durch den Cookie erzeugten Informationen \u00fcber Ihre Benutzung diese Website (einschlie\u00dflich Ihrer IP-Adresse) wird an einen Server von Google in den USA \u00fcbertragen und dort gespeichert. Google wird diese Informationen benutzen, um Ihre Nutzung der Website auszuwerten, um Reports \u00fcber die Websiteaktivit\u00e4ten f\u00fcr die Websitebetreiber zusammenzustellen und um weitere mit der Websitenutzung und der Internetnutzung verbundene Dienstleistungen zu erbringen. Auch wird Google diese Informationen gegebenenfalls an Dritte \u00fcbertragen, sofern dies gesetzlich vorgeschrieben oder soweit Dritte diese Daten im Auftrag von Google verarbeiten. Google wird in keinem Fall Ihre IP-Adresse mit anderen Daten der Google in Verbindung bringen. Sie k\u00f6nnen die Installation der Cookies durch eine entsprechende Einstellung Ihrer Browser Software verhindern; wir weisen Sie jedoch darauf hin, dass Sie in diesem Fall gegebenenfalls nicht s\u00e4mtliche Funktionen dieser Website voll umf\u00e4nglich nutzen k\u00f6nnen. Durch die Nutzung dieser Website erkl\u00e4ren Sie sich mit der Bearbeitung der \u00fcber Sie erhobenen Daten durch Google in der zuvor beschriebenen Art und Weise und zu dem zuvor benannten Zweck einverstanden.<\/p>\n<p> &nbsp;<br><em>Verwendung von Facebook Social Plugins<\/em><\/p>\n<p> Unser Internetauftritt verwendet Social Plugins (\u201cPlugins\u201d) des sozialen Netzwerkes facebook.com, welches von der Facebook Inc., 1601 S. California Ave, Palo Alto, CA 94304, USA betrieben wird (\u201cFacebook\u201d). Die Plugins sind an einem der Facebook Logos erkennbar (wei\u00dfes \u201ef\u201c auf blauer Kachel oder ein \u201eDaumen hoch\u201c-Zeichen) oder sind mit dem Zusatz \u201cFacebook&nbsp;&nbsp;&nbsp; Social Plugin\u201d gekennzeichnet. Die Liste und das Aussehen der Facebook Social Plugins kann hier eingesehen werden: <a href=\"http:\/\/developers.facebook.com\/plugins\" target=\"_blank\" rel=\"noopener noreferrer\">developers.facebook.com\/plugins<\/a>.<\/p>\n<p> Wenn Sie eine Webseite unseres Internetauftritts aufrufen, die ein solches Plugin enth\u00e4lt, baut Ihr Browser eine direkte Verbindung mit den Servern von Facebook auf. Der Inhalt des Plugins wird von Facebook direkt an Ihren Browser \u00fcbermittelt und von diesem in die Webseite eingebunden. Wir haben daher keinen Einfluss auf den Umfang der Daten, die Facebook mit Hilfe dieses Plugins erhebt und informieren Sie daher entsprechend unserem Kenntnisstand:<\/p>\n<p> Durch die Einbindung der Plugins erh\u00e4lt Facebook die Information, dass Sie die entsprechende Seite unseres Internetauftritts aufgerufen haben. Sind Sie bei Facebook eingeloggt, kann Facebook den Besuch Ihrem Facebook-Konto zuordnen. Wenn Sie mit den Plugins interagieren, zum Beispiel den Like Button bet\u00e4tigen oder einen Kommentar abgeben, wird die entsprechende Information von Ihrem Browser direkt an Facebook \u00fcbermittelt und dort gespeichert. Falls Sie kein Mitglied von Facebook sind, besteht trotzdem die M\u00f6glichkeit, dass Facebook Ihre IP-Adresse in Erfahrung bringt und speichert.<\/p>\n<p> Zweck und Umfang der Datenerhebung und die weitere Verarbeitung und Nutzung der Daten durch Facebook sowie Ihre diesbez\u00fcglichen Rechte und Einstellungsm\u00f6glichkeiten zum Schutz Ihrer Privatssph\u00e4re entnehmen Sie bitte den Datenschutzhinweisen von Facebook: <a href=\"http:\/\/www.facebook.com\/policy.php\" target=\"_blank\" rel=\"noopener noreferrer\">www.facebook.com\/policy.php<\/a>.<\/p>\n<p> Wenn Sie Facebookmitglied sind und nicht m\u00f6chten, dass Facebook \u00fcber unseren Internetauftritt Daten \u00fcber Sie sammelt und mit Ihren bei Facebook gespeicherten Mitgliedsdaten verkn\u00fcpft, m\u00fcssen Sie sich vor Ihrem Besuch unseres Internetauftritts bei Facebook ausloggen.<\/p>\n<p> Ebenfalls ist es m\u00f6glich Facebook-Social-Plugins mit Add-ons f\u00fcr Ihren Browser zu blocken, zum Beispiel mit dem \u201cFacebook Blocker\u201c.<\/p>\n<p><strong>5. Rechtswirksamkeit dieses Haftungsausschlusses<\/strong><br> Dieser Haftungsausschluss ist als Teil des Internetangebotes zu betrachten, von dem aus auf diese Seite verwiesen wurde. Sofern Teile oder einzelne Formulierungen dieses Textes der geltenden Rechtslage nicht, nicht mehr oder nicht vollst\u00e4ndig entsprechen sollten, bleiben die \u00fcbrigen Teile des Dokumentes in ihrem Inhalt und ihrer G\u00fcltigkeit davon unber\u00fchrt.<\/p>\n<p><!-- \/wp:html --><\/p>\t\t\t\t\t<\/div>\n\t\t\t\t\t\t<\/div>\n\t\t\t\t<\/div>\n\t\t\t\t\t\t<\/div>\n\t\t\t\t\t<\/div>\n\t\t<\/div>\n\t\t\t\t\t\t\t\t<\/div>\n\t\t\t\t\t<\/div>\n\t\t<\/section>\n\t\t\t\t\t\t\t\t\t<\/div>\n\t\t\t<\/div>\n\t\t\t\t\t<\/div>\n\t\t","protected":false},"excerpt":{"rendered":"<p>IMPRESSUM LADA Automobile GmbH Sitz: Robert-Bosch-Stra\u00dfe 3 21629 Neu Wulmstorf info(at)lada24.de Gesch\u00e4ftsf\u00fchrer: Dieter Trzaska Amtsgericht Tostedt HRB 4482 Verwaltung: Erlengrund 11 21614 Buxtehude Tel. +49 (0) 4161 6 00 70 0 Fax +49 (0) 4161 6 00 70 15 USt.ID-Nr. DE 200 486 890 Urheberrecht: Layout, Fotomaterial und Gestaltung des Inhalts insgesamt sowie seiner Elemente&hellip;&nbsp;<a href=\"https:\/\/noindex.kauscheundpartner.de\/lada\/impressum\/\" class=\"\" rel=\"bookmark\">Weiterlesen &raquo;<span class=\"screen-reader-text\">Impressum<\/span><\/a><\/p>\n","protected":false},"author":1,"featured_media":0,"parent":0,"menu_order":0,"comment_status":"closed","ping_status":"closed","template":"","meta":{"neve_meta_sidebar":"full-width","neve_meta_container":"full-width","neve_meta_enable_content_width":"off","neve_meta_content_width":0,"neve_meta_title_alignment":"","neve_meta_author_avatar":"","neve_post_elements_order":"","neve_meta_disable_header":"","neve_meta_disable_footer":"","neve_meta_disable_title":"on"},"yoast_head":"<!-- This site is optimized with the Yoast SEO plugin v19.8 - https:\/\/yoast.com\/wordpress\/plugins\/seo\/ -->\n<title>Impressum - LADA Auto-Center<\/title>\n<meta name=\"robots\" content=\"index, follow, max-snippet:-1, max-image-preview:large, max-video-preview:-1\" \/>\n<link rel=\"canonical\" href=\"https:\/\/noindex.kauscheundpartner.de\/lada\/impressum\/\" \/>\n<meta property=\"og:locale\" content=\"de_DE\" \/>\n<meta property=\"og:type\" content=\"article\" \/>\n<meta property=\"og:title\" content=\"Impressum - LADA Auto-Center\" \/>\n<meta property=\"og:description\" content=\"IMPRESSUM LADA Automobile GmbH Sitz: Robert-Bosch-Stra\u00dfe 3 21629 Neu Wulmstorf info(at)lada24.de Gesch\u00e4ftsf\u00fchrer: Dieter Trzaska Amtsgericht Tostedt HRB 4482 Verwaltung: Erlengrund 11 21614 Buxtehude Tel. +49 (0) 4161 6 00 70 0 Fax +49 (0) 4161 6 00 70 15 USt.ID-Nr. DE 200 486 890 Urheberrecht: Layout, Fotomaterial und Gestaltung des Inhalts insgesamt sowie seiner Elemente&hellip;&nbsp;Weiterlesen &raquo;Impressum\" \/>\n<meta property=\"og:url\" content=\"https:\/\/noindex.kauscheundpartner.de\/lada\/impressum\/\" \/>\n<meta property=\"og:site_name\" content=\"LADA Auto-Center\" \/>\n<meta property=\"article:modified_time\" content=\"2022-10-18T13:53:57+00:00\" \/>\n<meta name=\"twitter:card\" content=\"summary_large_image\" \/>\n<meta name=\"twitter:label1\" content=\"Gesch\u00e4tzte Lesezeit\" \/>\n\t<meta name=\"twitter:data1\" content=\"6 Minuten\" \/>\n<script type=\"application\/ld+json\" class=\"yoast-schema-graph\">{\"@context\":\"https:\/\/schema.org\",\"@graph\":[{\"@type\":\"WebPage\",\"@id\":\"https:\/\/noindex.kauscheundpartner.de\/lada\/impressum\/\",\"url\":\"https:\/\/noindex.kauscheundpartner.de\/lada\/impressum\/\",\"name\":\"Impressum - LADA Auto-Center\",\"isPartOf\":{\"@id\":\"https:\/\/noindex.kauscheundpartner.de\/lada\/#website\"},\"datePublished\":\"2020-04-08T10:17:19+00:00\",\"dateModified\":\"2022-10-18T13:53:57+00:00\",\"breadcrumb\":{\"@id\":\"https:\/\/noindex.kauscheundpartner.de\/lada\/impressum\/#breadcrumb\"},\"inLanguage\":\"de-DE\",\"potentialAction\":[{\"@type\":\"ReadAction\",\"target\":[\"https:\/\/noindex.kauscheundpartner.de\/lada\/impressum\/\"]}]},{\"@type\":\"BreadcrumbList\",\"@id\":\"https:\/\/noindex.kauscheundpartner.de\/lada\/impressum\/#breadcrumb\",\"itemListElement\":[{\"@type\":\"ListItem\",\"position\":1,\"name\":\"Startseite\",\"item\":\"https:\/\/noindex.kauscheundpartner.de\/lada\/\"},{\"@type\":\"ListItem\",\"position\":2,\"name\":\"Impressum\"}]},{\"@type\":\"WebSite\",\"@id\":\"https:\/\/noindex.kauscheundpartner.de\/lada\/#website\",\"url\":\"https:\/\/noindex.kauscheundpartner.de\/lada\/\",\"name\":\"LADA Auto-Center\",\"description\":\"Neu- und Gebrauchtwagen \",\"potentialAction\":[{\"@type\":\"SearchAction\",\"target\":{\"@type\":\"EntryPoint\",\"urlTemplate\":\"https:\/\/noindex.kauscheundpartner.de\/lada\/?s={search_term_string}\"},\"query-input\":\"required name=search_term_string\"}],\"inLanguage\":\"de-DE\"}]}<\/script>\n<!-- \/ Yoast SEO plugin. -->","yoast_head_json":{"title":"Impressum - LADA Auto-Center","robots":{"index":"index","follow":"follow","max-snippet":"max-snippet:-1","max-image-preview":"max-image-preview:large","max-video-preview":"max-video-preview:-1"},"canonical":"https:\/\/noindex.kauscheundpartner.de\/lada\/impressum\/","og_locale":"de_DE","og_type":"article","og_title":"Impressum - LADA Auto-Center","og_description":"IMPRESSUM LADA Automobile GmbH Sitz: Robert-Bosch-Stra\u00dfe 3 21629 Neu Wulmstorf info(at)lada24.de Gesch\u00e4ftsf\u00fchrer: Dieter Trzaska Amtsgericht Tostedt HRB 4482 Verwaltung: Erlengrund 11 21614 Buxtehude Tel. +49 (0) 4161 6 00 70 0 Fax +49 (0) 4161 6 00 70 15 USt.ID-Nr. DE 200 486 890 Urheberrecht: Layout, Fotomaterial und Gestaltung des Inhalts insgesamt sowie seiner Elemente&hellip;&nbsp;Weiterlesen &raquo;Impressum","og_url":"https:\/\/noindex.kauscheundpartner.de\/lada\/impressum\/","og_site_name":"LADA Auto-Center","article_modified_time":"2022-10-18T13:53:57+00:00","twitter_card":"summary_large_image","twitter_misc":{"Gesch\u00e4tzte Lesezeit":"6 Minuten"},"schema":{"@context":"https:\/\/schema.org","@graph":[{"@type":"WebPage","@id":"https:\/\/noindex.kauscheundpartner.de\/lada\/impressum\/","url":"https:\/\/noindex.kauscheundpartner.de\/lada\/impressum\/","name":"Impressum - LADA Auto-Center","isPartOf":{"@id":"https:\/\/noindex.kauscheundpartner.de\/lada\/#website"},"datePublished":"2020-04-08T10:17:19+00:00","dateModified":"2022-10-18T13:53:57+00:00","breadcrumb":{"@id":"https:\/\/noindex.kauscheundpartner.de\/lada\/impressum\/#breadcrumb"},"inLanguage":"de-DE","potentialAction":[{"@type":"ReadAction","target":["https:\/\/noindex.kauscheundpartner.de\/lada\/impressum\/"]}]},{"@type":"BreadcrumbList","@id":"https:\/\/noindex.kauscheundpartner.de\/lada\/impressum\/#breadcrumb","itemListElement":[{"@type":"ListItem","position":1,"name":"Startseite","item":"https:\/\/noindex.kauscheundpartner.de\/lada\/"},{"@type":"ListItem","position":2,"name":"Impressum"}]},{"@type":"WebSite","@id":"https:\/\/noindex.kauscheundpartner.de\/lada\/#website","url":"https:\/\/noindex.kauscheundpartner.de\/lada\/","name":"LADA Auto-Center","description":"Neu- und Gebrauchtwagen ","potentialAction":[{"@type":"SearchAction","target":{"@type":"EntryPoint","urlTemplate":"https:\/\/noindex.kauscheundpartner.de\/lada\/?s={search_term_string}"},"query-input":"required name=search_term_string"}],"inLanguage":"de-DE"}]}},"_links":{"self":[{"href":"https:\/\/noindex.kauscheundpartner.de\/lada\/wp-json\/wp\/v2\/pages\/16"}],"collection":[{"href":"https:\/\/noindex.kauscheundpartner.de\/lada\/wp-json\/wp\/v2\/pages"}],"about":[{"href":"https:\/\/noindex.kauscheundpartner.de\/lada\/wp-json\/wp\/v2\/types\/page"}],"author":[{"embeddable":true,"href":"https:\/\/noindex.kauscheundpartner.de\/lada\/wp-json\/wp\/v2\/users\/1"}],"replies":[{"embeddable":true,"href":"https:\/\/noindex.kauscheundpartner.de\/lada\/wp-json\/wp\/v2\/comments?post=16"}],"version-history":[{"count":10,"href":"https:\/\/noindex.kauscheundpartner.de\/lada\/wp-json\/wp\/v2\/pages\/16\/revisions"}],"predecessor-version":[{"id":1610,"href":"https:\/\/noindex.kauscheundpartner.de\/lada\/wp-json\/wp\/v2\/pages\/16\/revisions\/1610"}],"wp:attachment":[{"href":"https:\/\/noindex.kauscheundpartner.de\/lada\/wp-json\/wp\/v2\/media?parent=16"}],"curies":[{"name":"wp","href":"https:\/\/api.w.org\/{rel}","templated":true}]}}