{"id":548,"date":"2020-10-29T15:49:17","date_gmt":"2020-10-29T14:49:17","guid":{"rendered":"https:\/\/noindex.kauscheundpartner.de\/lada\/?page_id=548"},"modified":"2022-10-18T15:14:59","modified_gmt":"2022-10-18T13:14:59","slug":"blog","status":"publish","type":"page","link":"https:\/\/noindex.kauscheundpartner.de\/lada\/blog\/","title":{"rendered":"Blog"},"content":{"rendered":"\t\t<div data-elementor-type=\"wp-page\" data-elementor-id=\"548\" class=\"elementor elementor-548\">\n\t\t\t\t\t\t<div class=\"elementor-inner\">\n\t\t\t\t<div class=\"elementor-section-wrap\">\n\t\t\t\t\t\t\t\t\t<section class=\"elementor-section elementor-top-section elementor-element elementor-element-f5929f7 elementor-section-boxed elementor-section-height-default elementor-section-height-default\" data-id=\"f5929f7\" data-element_type=\"section\">\n\t\t\t\t\t\t<div class=\"elementor-container elementor-column-gap-default\">\n\t\t\t\t\t\t\t<div class=\"elementor-row\">\n\t\t\t\t\t<div class=\"elementor-column elementor-col-100 elementor-top-column elementor-element elementor-element-2cac9e4\" data-id=\"2cac9e4\" data-element_type=\"column\">\n\t\t\t<div class=\"elementor-column-wrap elementor-element-populated\">\n\t\t\t\t\t\t\t<div class=\"elementor-widget-wrap\">\n\t\t\t\t\t\t<div class=\"elementor-element elementor-element-80de176 elementor-widget elementor-widget-heading\" data-id=\"80de176\" data-element_type=\"widget\" data-widget_type=\"heading.default\">\n\t\t\t\t<div class=\"elementor-widget-container\">\n\t\t\t<h1 class=\"elementor-heading-title elementor-size-default\">NEWS<\/h1>\t\t<\/div>\n\t\t\t\t<\/div>\n\t\t\t\t<div class=\"elementor-element elementor-element-c41c833 elementor-widget elementor-widget-heading\" data-id=\"c41c833\" data-element_type=\"widget\" data-widget_type=\"heading.default\">\n\t\t\t\t<div class=\"elementor-widget-container\">\n\t\t\t<h3 class=\"elementor-heading-title elementor-size-default\">Wir halten Sie auf dem Laufenden<\/h3>\t\t<\/div>\n\t\t\t\t<\/div>\n\t\t\t\t\t\t<\/div>\n\t\t\t\t\t<\/div>\n\t\t<\/div>\n\t\t\t\t\t\t\t\t<\/div>\n\t\t\t\t\t<\/div>\n\t\t<\/section>\n\t\t\t\t<section class=\"elementor-section elementor-top-section elementor-element elementor-element-87541d5 elementor-section-boxed elementor-section-height-default elementor-section-height-default\" data-id=\"87541d5\" data-element_type=\"section\">\n\t\t\t\t\t\t<div class=\"elementor-container elementor-column-gap-default\">\n\t\t\t\t\t\t\t<div class=\"elementor-row\">\n\t\t\t\t\t<div class=\"elementor-column elementor-col-100 elementor-top-column elementor-element elementor-element-2e45d1a\" data-id=\"2e45d1a\" data-element_type=\"column\" data-settings=\"{&quot;background_background&quot;:&quot;classic&quot;}\">\n\t\t\t<div class=\"elementor-column-wrap elementor-element-populated\">\n\t\t\t\t\t\t\t<div class=\"elementor-widget-wrap\">\n\t\t\t\t\t\t<div class=\"elementor-element elementor-element-ac4a1d2 elementor-widget elementor-widget-image\" data-id=\"ac4a1d2\" data-element_type=\"widget\" data-widget_type=\"image.default\">\n\t\t\t\t<div class=\"elementor-widget-container\">\n\t\t\t\t\t\t\t\t<div class=\"elementor-image\">\n\t\t\t\t\t\t\t\t\t\t\t\t<img src=\"https:\/\/noindex.kauscheundpartner.de\/lada\/wp-content\/uploads\/elementor\/thumbs\/Pizzalieferantin-pwhm33qobw5vfdwlsd26uviwpeu5atdnry8yjau2v4.png\" title=\"Pizzalieferantin\" alt=\"Pizzalieferantin mit zwei Pizzakartons und gelber Arbeitskleidung\" \/>\t\t\t\t\t\t\t\t\t\t\t\t\t\t<\/div>\n\t\t\t\t\t\t<\/div>\n\t\t\t\t<\/div>\n\t\t\t\t<div class=\"elementor-element elementor-element-d1bdf0f elementor-widget elementor-widget-heading\" data-id=\"d1bdf0f\" data-element_type=\"widget\" data-widget_type=\"heading.default\">\n\t\t\t\t<div class=\"elementor-widget-container\">\n\t\t\t<h2 class=\"elementor-heading-title elementor-size-default\"><b>LIEFERSERVIDE AUTO <\/b><\/h2>\t\t<\/div>\n\t\t\t\t<\/div>\n\t\t\t\t<div class=\"elementor-element elementor-element-84f1e5b elementor-widget elementor-widget-heading\" data-id=\"84f1e5b\" data-element_type=\"widget\" data-widget_type=\"heading.default\">\n\t\t\t\t<div class=\"elementor-widget-container\">\n\t\t\t<h3 class=\"elementor-heading-title elementor-size-default\">Das sollte es k\u00f6nnen<\/h3>\t\t<\/div>\n\t\t\t\t<\/div>\n\t\t\t\t<div class=\"elementor-element elementor-element-e51818f elementor-widget elementor-widget-text-editor\" data-id=\"e51818f\" data-element_type=\"widget\" data-widget_type=\"text-editor.default\">\n\t\t\t\t<div class=\"elementor-widget-container\">\n\t\t\t\t\t\t\t\t<div class=\"elementor-text-editor elementor-clearfix\">\n\t\t\t\t<p>Wer <strong>Lebensmittel ausliefert<\/strong>, sollte sicher gehen, dass Ihr Auto zuverl\u00e4ssig ist und nicht so schnell eine Panne bekommt. Schlie\u00dflich haben Sie <strong>hungrige Kunden<\/strong>, die auf Ihr Essen warten. Also sollte das Auto robust sein. Sie m\u00f6chten auch nicht, dass Ihre Lebensmittel kalt werden. Sei es eine Pizza, Burger, D\u00f6ner, asiatisches Essen oder was auch immer. Deshalb sollte das Fahrzeug gut voran kommen&#8230;<\/p>\t\t\t\t\t<\/div>\n\t\t\t\t\t\t<\/div>\n\t\t\t\t<\/div>\n\t\t\t\t<div class=\"elementor-element elementor-element-3ddfd4d elementor-widget elementor-widget-button\" data-id=\"3ddfd4d\" data-element_type=\"widget\" data-widget_type=\"button.default\">\n\t\t\t\t<div class=\"elementor-widget-container\">\n\t\t\t\t\t<div class=\"elementor-button-wrapper\">\n\t\t\t<a href=\"https:\/\/noindex.kauscheundpartner.de\/lada\/lieferservice-auto\/\" class=\"elementor-button-link elementor-button elementor-size-sm\" role=\"button\">\n\t\t\t\t\t\t<span class=\"elementor-button-content-wrapper\">\n\t\t\t\t\t\t\t<span class=\"elementor-button-icon elementor-align-icon-left\">\n\t\t\t\t<i aria-hidden=\"true\" class=\"fas fa-angle-right\"><\/i>\t\t\t<\/span>\n\t\t\t\t\t\t<span class=\"elementor-button-text\">Weiterlesen<\/span>\n\t\t<\/span>\n\t\t\t\t\t<\/a>\n\t\t<\/div>\n\t\t\t\t<\/div>\n\t\t\t\t<\/div>\n\t\t\t\t\t\t<\/div>\n\t\t\t\t\t<\/div>\n\t\t<\/div>\n\t\t\t\t<div class=\"elementor-column elementor-col-100 elementor-top-column elementor-element elementor-element-dcde284\" data-id=\"dcde284\" data-element_type=\"column\" data-settings=\"{&quot;background_background&quot;:&quot;classic&quot;}\">\n\t\t\t<div class=\"elementor-column-wrap elementor-element-populated\">\n\t\t\t\t\t\t\t<div class=\"elementor-widget-wrap\">\n\t\t\t\t\t\t<div class=\"elementor-element elementor-element-be93112 elementor-widget elementor-widget-image\" data-id=\"be93112\" data-element_type=\"widget\" data-widget_type=\"image.default\">\n\t\t\t\t<div class=\"elementor-widget-container\">\n\t\t\t\t\t\t\t\t<div class=\"elementor-image\">\n\t\t\t\t\t\t\t\t\t\t\t\t<img src=\"https:\/\/noindex.kauscheundpartner.de\/lada\/wp-content\/uploads\/elementor\/thumbs\/pendler-pwhm3is3d8qgl5arcjk7yrqa7ks0pz1d60oq7q7s3k.png\" title=\"pendler\" alt=\"Pendler mit blauem Hemd und braunen Haaren\" \/>\t\t\t\t\t\t\t\t\t\t\t\t\t\t<\/div>\n\t\t\t\t\t\t<\/div>\n\t\t\t\t<\/div>\n\t\t\t\t<div class=\"elementor-element elementor-element-c52609e elementor-widget elementor-widget-heading\" data-id=\"c52609e\" data-element_type=\"widget\" data-widget_type=\"heading.default\">\n\t\t\t\t<div class=\"elementor-widget-container\">\n\t\t\t<h2 class=\"elementor-heading-title elementor-size-default\">PENDLERAUTO<\/h2>\t\t<\/div>\n\t\t\t\t<\/div>\n\t\t\t\t<div class=\"elementor-element elementor-element-b19033d elementor-widget elementor-widget-heading\" data-id=\"b19033d\" data-element_type=\"widget\" data-widget_type=\"heading.default\">\n\t\t\t\t<div class=\"elementor-widget-container\">\n\t\t\t<h2 class=\"elementor-heading-title elementor-size-default\">Darauf kommt es wirklich an<\/h2>\t\t<\/div>\n\t\t\t\t<\/div>\n\t\t\t\t<div class=\"elementor-element elementor-element-e621c60 elementor-widget elementor-widget-text-editor\" data-id=\"e621c60\" data-element_type=\"widget\" data-widget_type=\"text-editor.default\">\n\t\t\t\t<div class=\"elementor-widget-container\">\n\t\t\t\t\t\t\t\t<div class=\"elementor-text-editor elementor-clearfix\">\n\t\t\t\tWer nicht direkt neben seinem Arbeitsplatz wohnt und gerne auf \u00f6ffentliche Verkehrsmittel verzichtet, kommt h\u00e4ufig nicht um ein Auto zum Pendeln herum. Hierbei geht es beim Autokauf um den reinen Vernunftkauf und nicht die Prestige. Doch auch als <strong>Pendler<\/strong> erwartet man dennoch ein gewisses Ma\u00df an Komfort und Fahrspa\u00df von seinem <strong>Auto<\/strong>. Zudem ist es nat\u00fcrlich wichtig, dass die t\u00e4gliche Fahrt zur Arbeit und zur\u00fcck nicht direkt den Tageslohn an &lt;strong &#8222;&gt;Kraftstoff schluckt&#8230;\t\t\t\t\t<\/div>\n\t\t\t\t\t\t<\/div>\n\t\t\t\t<\/div>\n\t\t\t\t<div class=\"elementor-element elementor-element-88a5d40 elementor-widget elementor-widget-button\" data-id=\"88a5d40\" data-element_type=\"widget\" data-widget_type=\"button.default\">\n\t\t\t\t<div class=\"elementor-widget-container\">\n\t\t\t\t\t<div class=\"elementor-button-wrapper\">\n\t\t\t<a href=\"https:\/\/noindex.kauscheundpartner.de\/lada\/pendlerauto\/\" class=\"elementor-button-link elementor-button elementor-size-sm\" role=\"button\">\n\t\t\t\t\t\t<span class=\"elementor-button-content-wrapper\">\n\t\t\t\t\t\t\t<span class=\"elementor-button-icon elementor-align-icon-left\">\n\t\t\t\t<i aria-hidden=\"true\" class=\"fas fa-angle-right\"><\/i>\t\t\t<\/span>\n\t\t\t\t\t\t<span class=\"elementor-button-text\">Weiterlesen<\/span>\n\t\t<\/span>\n\t\t\t\t\t<\/a>\n\t\t<\/div>\n\t\t\t\t<\/div>\n\t\t\t\t<\/div>\n\t\t\t\t\t\t<\/div>\n\t\t\t\t\t<\/div>\n\t\t<\/div>\n\t\t\t\t\t\t\t\t<\/div>\n\t\t\t\t\t<\/div>\n\t\t<\/section>\n\t\t\t\t\t\t\t\t\t<\/div>\n\t\t\t<\/div>\n\t\t\t\t\t<\/div>\n\t\t","protected":false},"excerpt":{"rendered":"<p>NEWS Wir halten Sie auf dem Laufenden LIEFERSERVIDE AUTO Das sollte es k\u00f6nnen Wer Lebensmittel ausliefert, sollte sicher gehen, dass Ihr Auto zuverl\u00e4ssig ist und nicht so schnell eine Panne bekommt. Schlie\u00dflich haben Sie hungrige Kunden, die auf Ihr Essen warten. Also sollte das Auto robust sein. Sie m\u00f6chten auch nicht, dass Ihre Lebensmittel kalt&hellip;&nbsp;<a href=\"https:\/\/noindex.kauscheundpartner.de\/lada\/blog\/\" class=\"\" rel=\"bookmark\">Weiterlesen &raquo;<span class=\"screen-reader-text\">Blog<\/span><\/a><\/p>\n","protected":false},"author":1,"featured_media":0,"parent":0,"menu_order":0,"comment_status":"closed","ping_status":"closed","template":"page-templates\/template-pagebuilder-full-width.php","meta":{"neve_meta_sidebar":"full-width","neve_meta_container":"","neve_meta_enable_content_width":"on","neve_meta_content_width":100,"neve_meta_title_alignment":"","neve_meta_author_avatar":"","neve_post_elements_order":"","neve_meta_disable_header":"","neve_meta_disable_footer":"","neve_meta_disable_title":""},"yoast_head":"<!-- This site is optimized with the Yoast SEO plugin v19.8 - https:\/\/yoast.com\/wordpress\/plugins\/seo\/ -->\n<title>Blog - LADA Auto-Center<\/title>\n<meta name=\"robots\" content=\"noindex, follow\" \/>\n<meta property=\"og:locale\" content=\"de_DE\" \/>\n<meta property=\"og:type\" content=\"article\" \/>\n<meta property=\"og:title\" content=\"Blog - LADA Auto-Center\" \/>\n<meta property=\"og:description\" content=\"NEWS Wir halten Sie auf dem Laufenden LIEFERSERVIDE AUTO Das sollte es k\u00f6nnen Wer Lebensmittel ausliefert, sollte sicher gehen, dass Ihr Auto zuverl\u00e4ssig ist und nicht so schnell eine Panne bekommt. Schlie\u00dflich haben Sie hungrige Kunden, die auf Ihr Essen warten. Also sollte das Auto robust sein. Sie m\u00f6chten auch nicht, dass Ihre Lebensmittel kalt&hellip;&nbsp;Weiterlesen &raquo;Blog\" \/>\n<meta property=\"og:url\" content=\"https:\/\/noindex.kauscheundpartner.de\/lada\/blog\/\" \/>\n<meta property=\"og:site_name\" content=\"LADA Auto-Center\" \/>\n<meta property=\"article:modified_time\" content=\"2022-10-18T13:14:59+00:00\" \/>\n<meta property=\"og:image\" content=\"https:\/\/noindex.kauscheundpartner.de\/lada\/wp-content\/uploads\/elementor\/thumbs\/Pizzalieferantin-oxo6avchwc1l5d7w8pvlz8x4ymublfqis3t4kya9ds.png\" \/>\n<meta name=\"twitter:card\" content=\"summary_large_image\" \/>\n<meta name=\"twitter:label1\" content=\"Gesch\u00e4tzte Lesezeit\" \/>\n\t<meta name=\"twitter:data1\" content=\"2 Minuten\" \/>\n<script type=\"application\/ld+json\" class=\"yoast-schema-graph\">{\"@context\":\"https:\/\/schema.org\",\"@graph\":[{\"@type\":\"WebPage\",\"@id\":\"https:\/\/noindex.kauscheundpartner.de\/lada\/blog\/\",\"url\":\"https:\/\/noindex.kauscheundpartner.de\/lada\/blog\/\",\"name\":\"Blog - LADA Auto-Center\",\"isPartOf\":{\"@id\":\"https:\/\/noindex.kauscheundpartner.de\/lada\/#website\"},\"datePublished\":\"2020-10-29T14:49:17+00:00\",\"dateModified\":\"2022-10-18T13:14:59+00:00\",\"breadcrumb\":{\"@id\":\"https:\/\/noindex.kauscheundpartner.de\/lada\/blog\/#breadcrumb\"},\"inLanguage\":\"de-DE\",\"potentialAction\":[{\"@type\":\"ReadAction\",\"target\":[\"https:\/\/noindex.kauscheundpartner.de\/lada\/blog\/\"]}]},{\"@type\":\"BreadcrumbList\",\"@id\":\"https:\/\/noindex.kauscheundpartner.de\/lada\/blog\/#breadcrumb\",\"itemListElement\":[{\"@type\":\"ListItem\",\"position\":1,\"name\":\"Startseite\",\"item\":\"https:\/\/noindex.kauscheundpartner.de\/lada\/\"},{\"@type\":\"ListItem\",\"position\":2,\"name\":\"Blog\"}]},{\"@type\":\"WebSite\",\"@id\":\"https:\/\/noindex.kauscheundpartner.de\/lada\/#website\",\"url\":\"https:\/\/noindex.kauscheundpartner.de\/lada\/\",\"name\":\"LADA Auto-Center\",\"description\":\"Neu- und Gebrauchtwagen \",\"potentialAction\":[{\"@type\":\"SearchAction\",\"target\":{\"@type\":\"EntryPoint\",\"urlTemplate\":\"https:\/\/noindex.kauscheundpartner.de\/lada\/?s={search_term_string}\"},\"query-input\":\"required name=search_term_string\"}],\"inLanguage\":\"de-DE\"}]}<\/script>\n<!-- \/ Yoast SEO plugin. -->","yoast_head_json":{"title":"Blog - LADA Auto-Center","robots":{"index":"noindex","follow":"follow"},"og_locale":"de_DE","og_type":"article","og_title":"Blog - LADA Auto-Center","og_description":"NEWS Wir halten Sie auf dem Laufenden LIEFERSERVIDE AUTO Das sollte es k\u00f6nnen Wer Lebensmittel ausliefert, sollte sicher gehen, dass Ihr Auto zuverl\u00e4ssig ist und nicht so schnell eine Panne bekommt. Schlie\u00dflich haben Sie hungrige Kunden, die auf Ihr Essen warten. Also sollte das Auto robust sein. Sie m\u00f6chten auch nicht, dass Ihre Lebensmittel kalt&hellip;&nbsp;Weiterlesen &raquo;Blog","og_url":"https:\/\/noindex.kauscheundpartner.de\/lada\/blog\/","og_site_name":"LADA Auto-Center","article_modified_time":"2022-10-18T13:14:59+00:00","og_image":[{"url":"https:\/\/noindex.kauscheundpartner.de\/lada\/wp-content\/uploads\/elementor\/thumbs\/Pizzalieferantin-oxo6avchwc1l5d7w8pvlz8x4ymublfqis3t4kya9ds.png"}],"twitter_card":"summary_large_image","twitter_misc":{"Gesch\u00e4tzte Lesezeit":"2 Minuten"},"schema":{"@context":"https:\/\/schema.org","@graph":[{"@type":"WebPage","@id":"https:\/\/noindex.kauscheundpartner.de\/lada\/blog\/","url":"https:\/\/noindex.kauscheundpartner.de\/lada\/blog\/","name":"Blog - LADA Auto-Center","isPartOf":{"@id":"https:\/\/noindex.kauscheundpartner.de\/lada\/#website"},"datePublished":"2020-10-29T14:49:17+00:00","dateModified":"2022-10-18T13:14:59+00:00","breadcrumb":{"@id":"https:\/\/noindex.kauscheundpartner.de\/lada\/blog\/#breadcrumb"},"inLanguage":"de-DE","potentialAction":[{"@type":"ReadAction","target":["https:\/\/noindex.kauscheundpartner.de\/lada\/blog\/"]}]},{"@type":"BreadcrumbList","@id":"https:\/\/noindex.kauscheundpartner.de\/lada\/blog\/#breadcrumb","itemListElement":[{"@type":"ListItem","position":1,"name":"Startseite","item":"https:\/\/noindex.kauscheundpartner.de\/lada\/"},{"@type":"ListItem","position":2,"name":"Blog"}]},{"@type":"WebSite","@id":"https:\/\/noindex.kauscheundpartner.de\/lada\/#website","url":"https:\/\/noindex.kauscheundpartner.de\/lada\/","name":"LADA Auto-Center","description":"Neu- und Gebrauchtwagen ","potentialAction":[{"@type":"SearchAction","target":{"@type":"EntryPoint","urlTemplate":"https:\/\/noindex.kauscheundpartner.de\/lada\/?s={search_term_string}"},"query-input":"required name=search_term_string"}],"inLanguage":"de-DE"}]}},"_links":{"self":[{"href":"https:\/\/noindex.kauscheundpartner.de\/lada\/wp-json\/wp\/v2\/pages\/548"}],"collection":[{"href":"https:\/\/noindex.kauscheundpartner.de\/lada\/wp-json\/wp\/v2\/pages"}],"about":[{"href":"https:\/\/noindex.kauscheundpartner.de\/lada\/wp-json\/wp\/v2\/types\/page"}],"author":[{"embeddable":true,"href":"https:\/\/noindex.kauscheundpartner.de\/lada\/wp-json\/wp\/v2\/users\/1"}],"replies":[{"embeddable":true,"href":"https:\/\/noindex.kauscheundpartner.de\/lada\/wp-json\/wp\/v2\/comments?post=548"}],"version-history":[{"count":10,"href":"https:\/\/noindex.kauscheundpartner.de\/lada\/wp-json\/wp\/v2\/pages\/548\/revisions"}],"predecessor-version":[{"id":1585,"href":"https:\/\/noindex.kauscheundpartner.de\/lada\/wp-json\/wp\/v2\/pages\/548\/revisions\/1585"}],"wp:attachment":[{"href":"https:\/\/noindex.kauscheundpartner.de\/lada\/wp-json\/wp\/v2\/media?parent=548"}],"curies":[{"name":"wp","href":"https:\/\/api.w.org\/{rel}","templated":true}]}}